{"id":2,"date":"2016-11-04T18:21:20","date_gmt":"2016-11-04T18:21:20","guid":{"rendered":"https:\/\/centro-eclin.com.ar\/?page_id=2"},"modified":"2017-04-13T23:01:28","modified_gmt":"2017-04-13T23:01:28","slug":"sample-page","status":"publish","type":"page","link":"https:\/\/centro-eclin.com.ar\/?page_id=2","title":{"rendered":"Misi\u00f3n y visi\u00f3n"},"content":{"rendered":"<h3><strong>MISION:<\/strong><\/h3>\n<p>Brindar soluciones efectivas a las necesidades de los laboratorios farmac\u00e9uticos, tanto para cumplir exigencias regulatorias de registro y de biodisponibilidad y bioequivalencia como para el dise\u00f1o de estrategias en el desarrollo de productos, la evaluaci\u00f3n de su factibilidad y el asesoramiento en la toma de decisiones de proyectos de las compa\u00f1\u00edas.<\/p>\n<h3><strong>VISION:<\/strong><\/h3>\n<p>Ser referente de reconocida trayectoria a nivel local y regional, con s\u00f3lido nivel cient\u00ed\ufb01co-t\u00e9cnico y brindar un servicio personalizado, basado en la con\ufb01anza y el compromiso.<\/p>\n<p>&nbsp;<\/p>\n<h3><strong>POLITICA DE CALIDAD:<\/strong><\/h3>\n<p>El objetivo de la Pol\u00edtica de Calidad del Centro de Estudios Cl\u00ednicos es alcanzar y mantener un elevado est\u00e1ndar de eficiencia y nivel cient\u00edfico-t\u00e9cnico como medio para satisfacer las necesidades de los laboratorios farmac\u00e9uticos brindando de manera consistente un servicio responsable, confidencial\u00a0y de calidad garantizada.<\/p>\n","protected":false},"excerpt":{"rendered":"<p>MISION: Brindar soluciones efectivas a las necesidades de los laboratorios farmac\u00e9uticos, tanto para cumplir exigencias regulatorias de registro y de biodisponibilidad y bioequivalencia como para el dise\u00f1o de estrategias en el desarrollo de productos, la evaluaci\u00f3n de su factibilidad y el asesoramiento en la toma de decisiones de proyectos de las compa\u00f1\u00edas. VISION: Ser referente de reconocida trayectoria a nivel local y regional, con s\u00f3lido [&hellip;]<\/p>\n","protected":false},"author":1,"featured_media":0,"parent":0,"menu_order":0,"comment_status":"closed","ping_status":"open","template":"","meta":{"footnotes":""},"_links":{"self":[{"href":"https:\/\/centro-eclin.com.ar\/index.php?rest_route=\/wp\/v2\/pages\/2"}],"collection":[{"href":"https:\/\/centro-eclin.com.ar\/index.php?rest_route=\/wp\/v2\/pages"}],"about":[{"href":"https:\/\/centro-eclin.com.ar\/index.php?rest_route=\/wp\/v2\/types\/page"}],"author":[{"embeddable":true,"href":"https:\/\/centro-eclin.com.ar\/index.php?rest_route=\/wp\/v2\/users\/1"}],"replies":[{"embeddable":true,"href":"https:\/\/centro-eclin.com.ar\/index.php?rest_route=%2Fwp%2Fv2%2Fcomments&post=2"}],"version-history":[{"count":8,"href":"https:\/\/centro-eclin.com.ar\/index.php?rest_route=\/wp\/v2\/pages\/2\/revisions"}],"predecessor-version":[{"id":247,"href":"https:\/\/centro-eclin.com.ar\/index.php?rest_route=\/wp\/v2\/pages\/2\/revisions\/247"}],"wp:attachment":[{"href":"https:\/\/centro-eclin.com.ar\/index.php?rest_route=%2Fwp%2Fv2%2Fmedia&parent=2"}],"curies":[{"name":"wp","href":"https:\/\/api.w.org\/{rel}","templated":true}]}}