{"id":122,"date":"2017-02-28T20:37:52","date_gmt":"2017-02-28T20:37:52","guid":{"rendered":"https:\/\/centro-eclin.com.ar\/?page_id=122"},"modified":"2021-06-28T13:41:37","modified_gmt":"2021-06-28T13:41:37","slug":"normativas-2","status":"publish","type":"page","link":"https:\/\/centro-eclin.com.ar\/?page_id=122","title":{"rendered":"Normas"},"content":{"rendered":"\n<div class=\"wp-block-columns is-layout-flex wp-container-core-columns-layout-1 wp-block-columns-is-layout-flex\">\n<div class=\"wp-block-column is-layout-flow wp-block-column-is-layout-flow\">\n<h3 class=\"wp-block-heading\">INTERNACIONAL<\/h3>\n\n\n\n<p><a href=\"https:\/\/1drv.ms\/w\/s!Amn_AONUBnWvhP8QX2Dsp3LqDHR1Lg\" target=\"_blank\" rel=\"noreferrer noopener\">Alta Variabilidad Canad\u00e1 2015.docx<\/a><\/p>\n\n\n\n<p><a href=\"https:\/\/1drv.ms\/b\/s!Amn_AONUBnWvhP5LblaYrXR87z5bPQ\" target=\"_blank\" rel=\"noreferrer noopener\">Asociaciones EMA 2015<\/a><\/p>\n\n\n\n<p><a href=\"https:\/\/1drv.ms\/b\/s!Amn_AONUBnWvhP8KdppW_4q916YiDg\" target=\"_blank\" rel=\"noreferrer noopener\">Asociaciones OMS Anexo 5 2005.pdf<\/a><\/p>\n\n\n\n<p><a href=\"https:\/\/1drv.ms\/b\/s!Amn_AONUBnWvhP5GqCi5zyTExXMzKw\" target=\"_blank\" rel=\"noreferrer noopener\">BCS I y III Test de Disn y Especif FDA 2015.pdf<\/a><\/p>\n\n\n\n<p><a href=\"https:\/\/1drv.ms\/b\/s!Amn_AONUBnWvhP5Hjc_VqjexhvBZPw\" target=\"_blank\" rel=\"noreferrer noopener\">BCS SUPAC Disn FDA 1997.pdf<\/a><\/p>\n\n\n\n<p><a href=\"https:\/\/1drv.ms\/b\/s!Amn_AONUBnWvhP5Jdyw-RyV7qI0I3Q\" target=\"_blank\" rel=\"noreferrer noopener\">BCS y Biowaivers Canad\u00e1 2014.pdf<\/a><\/p>\n\n\n\n<p><a href=\"https:\/\/1drv.ms\/b\/s!Amn_AONUBnWvhP5FFr7C5CugQ2u5Nw\" target=\"_blank\" rel=\"noreferrer noopener\">BCS y Biowaivers Candidatos ANVISA 2014.pdf<\/a><\/p>\n\n\n\n<p><a href=\"https:\/\/1drv.ms\/b\/s!Amn_AONUBnWvhYBIcJ6aV-RVWTzIjQ\">BCS y Biowaivers FDA 2000.pdf<\/a><\/p>\n\n\n\n<p><a href=\"https:\/\/1drv.ms\/b\/s!Amn_AONUBnWvhoEmIftYgbsDciO_lQ?e=DIfkgi\">BCS y Biowaivers FDA-ICH 2021<\/a><\/p>\n\n\n\n<p><a href=\"https:\/\/1drv.ms\/b\/s!Amn_AONUBnWvhP5MaFsXHft0Eqs20Q\" target=\"_blank\" rel=\"noreferrer noopener\">BCS y Biowaivers WHO Inf 49 2015<\/a><\/p>\n\n\n\n<p><a href=\"https:\/\/1drv.ms\/b\/s!Amn_AONUBnWvhZ856ci3x1e1QMhRug\" target=\"_blank\" rel=\"noreferrer noopener\">BD Generalidades FDA 2019<\/a><\/p>\n\n\n\n<p><a href=\"https:\/\/1drv.ms\/b\/s!Amn_AONUBnWvhoEjyGgBmfdh41gjow?e=Mzpvht\">BE ANVISA Lista 1 19ag2020&nbsp;<\/a><\/p>\n\n\n\n<p><a href=\"https:\/\/1drv.ms\/b\/s!Amn_AONUBnWvhP5D7ZCuWR1uzWCIwg\" target=\"_blank\" rel=\"noreferrer noopener\">BE ANVISA Lista 2 &#8211; 6mar17<\/a><\/p>\n\n\n\n<p><a href=\"https:\/\/1drv.ms\/b\/s!Amn_AONUBnWvhoEnQSqeWF6YKBoQEA?e=XhtB2S\">BE ANVISA Lista 3 9oct2020&nbsp;<\/a><\/p>\n\n\n\n<p><a href=\"https:\/\/1drv.ms\/b\/s!Amn_AONUBnWvhP4_fmolnewz7cxe0Q\" target=\"_blank\" rel=\"noreferrer noopener\">BE Bioanalyt Validation FDA 2013.pdf<\/a><\/p>\n\n\n\n<p><a href=\"https:\/\/1drv.ms\/b\/s!Amn_AONUBnWvhYBJmQT6VJm4xz0qQg\">BE Canad\u00e1 1992.pdf<\/a><\/p>\n\n\n\n<p><a href=\"https:\/\/1drv.ms\/b\/s!Amn_AONUBnWvhoEltImzHnRUYFhS1Q?e=8PgvSC\">BE Canada Guidance BDBE Studies 2018<\/a><\/p>\n\n\n\n<p><a href=\"https:\/\/1drv.ms\/b\/s!Amn_AONUBnWvhYBK_SuDCzWaUVrjQQ\">BE Canad\u00e1 standards 2012.pdf<\/a><\/p>\n\n\n\n<p><a href=\"https:\/\/1drv.ms\/b\/s!Amn_AONUBnWvhP5AQeoMecEDz8XbSw\" target=\"_blank\" rel=\"noreferrer noopener\">BE EMA 2010.pdf<\/a><\/p>\n\n\n\n<p><a href=\"https:\/\/1drv.ms\/b\/s!Amn_AONUBnWvhYBLVo5B9eXkKPpknQ\">BE EMA Q&amp;A 2015.pdf<\/a><\/p>\n\n\n\n<p><a href=\"https:\/\/1drv.ms\/b\/s!Amn_AONUBnWvhZ86e6M-z_JrGokDDw\" target=\"_blank\" rel=\"noreferrer noopener\">BE Food-Effect FDA 2019<\/a><\/p>\n\n\n\n<p><a href=\"https:\/\/1drv.ms\/b\/s!Amn_AONUBnWvhP5EtUB6mYrxXaemFA\" target=\"_blank\" rel=\"noreferrer noopener\">BE Generalidades FDA 2014<\/a><\/p>\n\n\n\n<p><a href=\"https:\/\/1drv.ms\/b\/s!Amn_AONUBnWvhP5BfLQONFsn8C356Q\" target=\"_blank\" rel=\"noreferrer noopener\">BE Generics Jap\u00f3n 2012<\/a><\/p>\n\n\n\n<p><a href=\"https:\/\/1drv.ms\/b\/s!Amn_AONUBnWvhoEkk61NkXpzA1En6A?e=z0pqRF\">BE Jap\u00f3n Standards 2012&nbsp;<\/a><\/p>\n\n\n\n<p><a href=\"https:\/\/1drv.ms\/b\/s!Amn_AONUBnWvhP46Ekl4ckMLvQ0CFQ\" target=\"_blank\" rel=\"noreferrer noopener\">BE Lib Modif EMA 2015<\/a><\/p>\n\n\n\n<p><a href=\"https:\/\/1drv.ms\/b\/s!Amn_AONUBnWvhP43G_gUwHaFKTP7QQ\" target=\"_blank\" rel=\"noreferrer noopener\">BE Multisource WHO Inf 49 2015<\/a><\/p>\n\n\n\n<p><a href=\"https:\/\/1drv.ms\/b\/s!Amn_AONUBnWvhP45RC0DIHDVuz_nbg\" target=\"_blank\" rel=\"noreferrer noopener\">BE Nasal FDA 2003<\/a><\/p>\n\n\n\n<p><a href=\"https:\/\/1drv.ms\/b\/s!Amn_AONUBnWvhP40FR5rcz8E_O5xXw\" target=\"_blank\" rel=\"noreferrer noopener\">BE Pk endpoints FDA 2013<\/a><\/p>\n\n\n\n<p><a href=\"https:\/\/1drv.ms\/b\/s!Amn_AONUBnWvhP413F7fJ4AGJrJzOg\" target=\"_blank\" rel=\"noreferrer noopener\">BE Red PARF 2008<\/a><\/p>\n\n\n\n<p><a href=\"https:\/\/1drv.ms\/b\/s!Amn_AONUBnWvhP4zPB89Pu_ZGNvrXA\" target=\"_blank\" rel=\"noreferrer noopener\">BE Stat FDA 2001<\/a><\/p>\n\n\n\n<p><a href=\"https:\/\/1drv.ms\/b\/s!Amn_AONUBnWvhP42pCUcc45pMhovsw\" target=\"_blank\" rel=\"noreferrer noopener\">BE Stat FDA 2003<\/a><\/p>\n\n\n\n<p><a href=\"https:\/\/1drv.ms\/b\/s!Amn_AONUBnWvhP47f3nA2hDHIusACw\" target=\"_blank\" rel=\"noreferrer noopener\">BE Topical y Dermat FDA 1995<\/a><\/p>\n\n\n\n<p><a href=\"https:\/\/1drv.ms\/b\/s!Amn_AONUBnWvhP4y_gEVXpkG-lfUIg\" target=\"_blank\" rel=\"noreferrer noopener\">GMP WHO Inf 48 2014<\/a><\/p>\n\n\n\n<p><a href=\"https:\/\/1drv.ms\/b\/s!Amn_AONUBnWvhP4wZR0v-Klb4o-qDg\" target=\"_blank\" rel=\"noreferrer noopener\">Helsinki 2008<\/a><\/p>\n\n\n\n<p><a href=\"https:\/\/1drv.ms\/b\/s!Amn_AONUBnWvhP4tK2rucWfxV251aQ\" target=\"_blank\" rel=\"noreferrer noopener\">Helsinki 2013<\/a><\/p>\n\n\n\n<p><a href=\"https:\/\/1drv.ms\/b\/s!Amn_AONUBnWvhP4vT8_ZIh2_SpcfSw\" target=\"_blank\" rel=\"noreferrer noopener\">Ingesta diaria Mercosur<\/a><\/p>\n\n\n\n<p><a href=\"https:\/\/1drv.ms\/b\/s!Amn_AONUBnWvhP44IQsSH063TzcMbQ\" target=\"_blank\" rel=\"noreferrer noopener\">Ingesta diaria WHO<\/a><\/p>\n\n\n\n<p><a href=\"https:\/\/1drv.ms\/b\/s!Amn_AONUBnWvhP4xGRM4TTflGZ0nGw\" target=\"_blank\" rel=\"noreferrer noopener\">Polimorfismo FDA 2007<\/a><\/p>\n\n\n\n<p><a href=\"https:\/\/1drv.ms\/w\/s!Amn_AONUBnWvhP4slzEbGv-xxs7-YA\" target=\"_blank\" rel=\"noreferrer noopener\">Prod Referencia Canad\u00e1 1995<\/a><\/p>\n\n\n\n<p><a href=\"https:\/\/1drv.ms\/b\/s!Amn_AONUBnWvhP4rDTknZCYAjPcFKQ\" target=\"_blank\" rel=\"noreferrer noopener\">Prod Referencia WHO Inf 49 2015<\/a><\/p>\n\n\n\n<p><a href=\"https:\/\/1drv.ms\/b\/s!Amn_AONUBnWvhP4qd36ZKA9BJFAmfA\" target=\"_blank\" rel=\"noreferrer noopener\">Registro &#8211; Gu\u00eda ICH 2007<\/a><\/p>\n\n\n\n<p><a href=\"https:\/\/1drv.ms\/b\/s!Amn_AONUBnWvhYBMtWE6KskQRH169Q\">SUPAC-Equipment FDA.pdf<\/a><\/p>\n\n\n\n<p><a href=\"https:\/\/1drv.ms\/b\/s!Amn_AONUBnWvhZ886afBWMr8scYEOw\" target=\"_blank\" rel=\"noreferrer noopener\">SUPAC-IR FDA<\/a><\/p>\n\n\n\n<p><a href=\"https:\/\/1drv.ms\/b\/s!Amn_AONUBnWvhP4oN8Njz_VfUJMfUw\" target=\"_blank\" rel=\"noreferrer noopener\">SUPAC-IR-MR FDA<\/a><\/p>\n\n\n\n<p><a href=\"https:\/\/1drv.ms\/b\/s!Amn_AONUBnWvhP4pek17l4M22gC4EA\" target=\"_blank\" rel=\"noreferrer noopener\">SUPAC-MR FDA<\/a><\/p>\n\n\n\n<p><a href=\"https:\/\/1drv.ms\/b\/s!Amn_AONUBnWvhP4ns8yLL6x7RgyHjw\" target=\"_blank\" rel=\"noreferrer noopener\">SUPAC-SS FDA<\/a><\/p>\n<\/div>\n\n\n\n<div class=\"wp-block-column is-layout-flow wp-block-column-is-layout-flow\">\n<h3 class=\"wp-block-heading\">NACIONAL<\/h3>\n\n\n\n<p><a href=\"https:\/\/1drv.ms\/b\/s!Amn_AONUBnWvhP8IYlA8KxEMhYyBWw\" target=\"_blank\" rel=\"noreferrer noopener\">1994_Res. 282 Min Salud (Categorizaci\u00f3n centros).pdf<\/a><\/p>\n\n\n\n<p><a href=\"https:\/\/1drv.ms\/w\/s!Amn_AONUBnWvhP8JDvETg6FOAcgu0Q\" target=\"_blank\" rel=\"noreferrer noopener\">1999_Disp. 3185_ANMAT (1er Disp BE y Riesgo Sanitario).doc<\/a><\/p>\n\n\n\n<p><a href=\"https:\/\/1drv.ms\/w\/s!Amn_AONUBnWvhP8GIHtOyNAR0QhCpg\" target=\"_blank\" rel=\"noreferrer noopener\">2000_Res. 229_SPRS (BE Piridostigmina &#8211; Miastenia gravis).doc<\/a><\/p>\n\n\n\n<p><a href=\"https:\/\/1drv.ms\/w\/s!Amn_AONUBnWvhP8HYMJUyPgpa_w8rQ\" target=\"_blank\" rel=\"noreferrer noopener\">2001_Disp. 3311_ANMAT (BE AHIV).doc<\/a><\/p>\n\n\n\n<p><a href=\"https:\/\/1drv.ms\/w\/s!Amn_AONUBnWvhP8FX30-8Vjz0xEeAA\" target=\"_blank\" rel=\"noreferrer noopener\">2001_Res. 40_SPRS (BE AHIV).doc<\/a><\/p>\n\n\n\n<p><a href=\"https:\/\/1drv.ms\/w\/s!Amn_AONUBnWvhP8CiRRMJ9EHc7cksQ\" target=\"_blank\" rel=\"noreferrer noopener\">2002_Disp. 1277_ANMAT (Prorrog. BE AHIV).doc<\/a><\/p>\n\n\n\n<p><a href=\"https:\/\/1drv.ms\/w\/s!Amn_AONUBnWvhP8B5SsMtFyQ6CnUTg\" target=\"_blank\" rel=\"noreferrer noopener\">2002_Disp. 2807_SP (BE Isotretino\u00edna y varios Prod Ref).doc<\/a><\/p>\n\n\n\n<p><a href=\"https:\/\/1drv.ms\/w\/s!Amn_AONUBnWvhP8DMTYYvpaoYEkAzw\" target=\"_blank\" rel=\"noreferrer noopener\">2002_Disp. 2814_SP (Esp. Medic. que no requieren BE).doc<\/a><\/p>\n\n\n\n<p><a href=\"https:\/\/1drv.ms\/w\/s!Amn_AONUBnWvhP8AjUmQHuH-1E_7gg\" target=\"_blank\" rel=\"noreferrer noopener\">2002_Disp. 4290_ANMAT (Varios Prod Ref).doc<\/a><\/p>\n\n\n\n<p><a href=\"https:\/\/1drv.ms\/w\/s!Amn_AONUBnWvhP5_HMywvQmD-RthMQ\" target=\"_blank\" rel=\"noreferrer noopener\">2002_Disp. 5318_ANMAT (Prod Ref Fenito\u00edna).doc<\/a><\/p>\n\n\n\n<p><a href=\"https:\/\/1drv.ms\/w\/s!Amn_AONUBnWvhP57L96GuBPZVve6oQ\" target=\"_blank\" rel=\"noreferrer noopener\">2002_Disp. 7062_ANMAT (Prod Ref Teofilina).doc<\/a><\/p>\n\n\n\n<p><a href=\"https:\/\/1drv.ms\/w\/s!Amn_AONUBnWvhP59iXR8o_qTaljQAg\" target=\"_blank\" rel=\"noreferrer noopener\">2003_Res. 19_SPRRS (Plazos BE AHIV)<\/a><\/p>\n\n\n\n<p><a href=\"https:\/\/1drv.ms\/w\/s!Amn_AONUBnWvhP55hH1JaV0V7xapvw\">2003_Res. 25_SPRRS (Plazos BE AHIV)<\/a><\/p>\n\n\n\n<p><a href=\"https:\/\/1drv.ms\/w\/s!Amn_AONUBnWvhP5-wwVXkIeikwjzOQ\" target=\"_blank\" rel=\"noreferrer noopener\">2003_Res. 46_SPRRS (Cronograma BE AHIV)<\/a><\/p>\n\n\n\n<p><a href=\"https:\/\/1drv.ms\/w\/s!Amn_AONUBnWvhP58DbFct7TT0zLU2Q\" target=\"_blank\" rel=\"noreferrer noopener\">2003_Res. 60_MS (ANMAT define Prod Ref)<\/a><\/p>\n\n\n\n<p><a href=\"https:\/\/1drv.ms\/w\/s!Amn_AONUBnWvhP56j6TVkDJA1ofqVw\" target=\"_blank\" rel=\"noreferrer noopener\">2004_Disp. 4218_ANMAT (Prod Ref Lamivudina)<\/a><\/p>\n\n\n\n<p><a href=\"https:\/\/1drv.ms\/w\/s!Amn_AONUBnWvhP52aSNIFFCWhhXbjQ\" target=\"_blank\" rel=\"noreferrer noopener\">2005_Disp. 2749_ANMAT (Prod Ref Didanosina)<\/a><\/p>\n\n\n\n<p><a href=\"https:\/\/1drv.ms\/w\/s!Amn_AONUBnWvhP53-jzyRLtia0tXAQ\" target=\"_blank\" rel=\"noreferrer noopener\">2005_Disp. 4844_SP (BPL Etapa Anal\u00edtica BE)<\/a><\/p>\n\n\n\n<p><a href=\"https:\/\/1drv.ms\/b\/s!Amn_AONUBnWvhP50wTYKGfmC8dGszQ\" target=\"_blank\" rel=\"noreferrer noopener\">2006_Disp. 5040_ANMAT (BPBDBE excepto Anexo I derogado)<\/a><\/p>\n\n\n\n<p><a href=\"https:\/\/1drv.ms\/w\/s!Amn_AONUBnWvhP54XIPoX6CfCoqhZQ\" target=\"_blank\" rel=\"noreferrer noopener\">2007_Disp. 1746_ANMAT (Reemplaza al Anexo I de la Disp 5040 )<\/a><\/p>\n\n\n\n<p><a href=\"https:\/\/1drv.ms\/w\/s!Amn_AONUBnWvhP5zFfgC2bhIvmkk2A\" target=\"_blank\" rel=\"noreferrer noopener\">2007_Disp. 2446_ANMAT (BE Micof-Sero-Evero-Tacro)<\/a><\/p>\n\n\n\n<p><a href=\"https:\/\/1drv.ms\/b\/s!Amn_AONUBnWvhP51byPaOGWtOtBMWw\" target=\"_blank\" rel=\"noreferrer noopener\">2008_Disp. 4173_ANMAT (Asociaciones)<\/a><\/p>\n\n\n\n<p><a href=\"https:\/\/1drv.ms\/w\/s!Amn_AONUBnWvhP5wT7jrI6Ty0urvSQ\" target=\"_blank\" rel=\"noreferrer noopener\">2008_Disp. 4691_MS y ANMAT (Desig. Miembros Com. Ases. en BD-BE)<\/a><\/p>\n\n\n\n<p><a href=\"https:\/\/1drv.ms\/w\/s!Amn_AONUBnWvhP8NULUZmQ5zYv5oDQ\" target=\"_blank\" rel=\"noreferrer noopener\">2009_Disp. 556_ANMAT (Cambios Post. Reg. BE-SUPAC)<\/a><\/p>\n\n\n\n<p><a href=\"https:\/\/1drv.ms\/w\/s!Amn_AONUBnWvhP8M6H_n-hdblUqAag\" target=\"_blank\" rel=\"noreferrer noopener\">2009_Disp. 758_ANMAT (Bioexenci\u00f3n de S\u00f3lidos Orales LI)<\/a><\/p>\n\n\n\n<p><a href=\"https:\/\/1drv.ms\/w\/s!Amn_AONUBnWvhP5x93_8Sw9WRiDsSA\" target=\"_blank\" rel=\"noreferrer noopener\">2010_Disp. 5316_MS y ANMAT (Incorp. Regl. Mercosur BP Transporte)<\/a><\/p>\n\n\n\n<p><a href=\"https:\/\/1drv.ms\/b\/s!Amn_AONUBnWvhP5vpFTK2GlYq60-Dg\" target=\"_blank\" rel=\"noreferrer noopener\">2010_Disp.3113_ANMAT (BE Lamotrigina y Topiramato)<\/a><\/p>\n\n\n\n<p><a href=\"https:\/\/1drv.ms\/w\/s!Amn_AONUBnWvhP8OQehmyEfeyldbQQ\" target=\"_blank\" rel=\"noreferrer noopener\">2010-Disp. 6677 ANMAT (BPC)<\/a><\/p>\n\n\n\n<p><a href=\"https:\/\/1drv.ms\/w\/s!Amn_AONUBnWvhP5rFvtYExzvtlMXFA\" target=\"_blank\" rel=\"noreferrer noopener\">2011_Res. 23 GMC (Mercosur Eventos Adversos)<\/a><\/p>\n\n\n\n<p><a href=\"https:\/\/1drv.ms\/w\/s!Amn_AONUBnWvhP5uja_bYEw9IuR_QQ\" target=\"_blank\" rel=\"noreferrer noopener\">2011_Res. 1480_MS (Gu\u00eda Investig. Seres Humanos-Deroga a 1490 y 102)<\/a><\/p>\n\n\n\n<p><a href=\"https:\/\/1drv.ms\/b\/s!Amn_AONUBnWvhP5ydocdx70k_j-ONQ\" target=\"_blank\" rel=\"noreferrer noopener\">2011-Circ. 001 ANMAT (\u00c1mbito en DEM para Proy Invest)<\/a><\/p>\n\n\n\n<p><a href=\"https:\/\/1drv.ms\/b\/s!Amn_AONUBnWvhP5tlmE9Y2GqRnvoRQ\" target=\"_blank\" rel=\"noreferrer noopener\">2011-Circ. 003 ANMAT (Base de Datos de Estudios de FC)<\/a><\/p>\n\n\n\n<p><a href=\"https:\/\/1drv.ms\/w\/s!Amn_AONUBnWvhP5pXE608DEwu-gN2Q\" target=\"_blank\" rel=\"noreferrer noopener\">2012_Disp. 1263_ANMAT&nbsp; (Lote para BE)<\/a><\/p>\n\n\n\n<p><a href=\"https:\/\/1drv.ms\/b\/s!Amn_AONUBnWvhP5qUEX7MwtSxUkqyQ\" target=\"_blank\" rel=\"noreferrer noopener\">2012_Disp. 3586_ ANMAT (Gesti\u00f3n electr\u00f3nica Est Farm Cl\u00edn)<\/a><\/p>\n\n\n\n<p><a href=\"https:\/\/1drv.ms\/w\/s!Amn_AONUBnWvhP5kfipfwsakvqCHhQ\" target=\"_blank\" rel=\"noreferrer noopener\">2012_Disp. 4132_ANMAT (BE para todas las concentraciones o Bioexenci\u00f3n)<\/a><\/p>\n\n\n\n<p><a href=\"https:\/\/1drv.ms\/w\/s!Amn_AONUBnWvhP5ji7wobHiImEvcpA\" target=\"_blank\" rel=\"noreferrer noopener\">2012_Disp. 4133_ANMAT (S\u00f3lo resultados IC 80-125)<\/a><\/p>\n\n\n\n<p><a href=\"https:\/\/1drv.ms\/b\/s!Amn_AONUBnWvhP5iTWgmlCGPef2m1g\" target=\"_blank\" rel=\"noreferrer noopener\">2012_Disp. 4326_ ANMAT (Criterio riesgo sanitario para exigir BE)<\/a><\/p>\n\n\n\n<p><a href=\"https:\/\/1drv.ms\/b\/s!Amn_AONUBnWvhP5l_NfbKWejp4T70A\" target=\"_blank\" rel=\"noreferrer noopener\">2012_Disp. 5358 ANMAT (farmacovigilancia)<\/a><\/p>\n\n\n\n<p><a href=\"https:\/\/1drv.ms\/b\/s!Amn_AONUBnWvhP5s5xidW0Yl_2ri4g\" target=\"_blank\" rel=\"noreferrer noopener\">2012-Circ. 009 ANMAT (Registro Nacional de Investigac. en Salud)<\/a><\/p>\n\n\n\n<p><a href=\"https:\/\/1drv.ms\/b\/s!Amn_AONUBnWvhP5asvbcgoB_dxxEGA\" target=\"_blank\" rel=\"noreferrer noopener\">2013_Disp. 1918_ANMAT (Criterios para establecer Prod Ref)<\/a><\/p>\n\n\n\n<p><a href=\"https:\/\/1drv.ms\/b\/s!Amn_AONUBnWvhP5bwOKC5o38wlRXuA\" target=\"_blank\" rel=\"noreferrer noopener\">2013_Disp. 2434_ANMAT (Requisitos p BE del exterior)<\/a><\/p>\n\n\n\n<p><a href=\"https:\/\/1drv.ms\/b\/s!Amn_AONUBnWvhP5gQLuOCut21t3myg\" target=\"_blank\" rel=\"noreferrer noopener\">2013_Disp. 4394_ANMAT (BPL Centros Bioanal\u00edticos p BE)<\/a><\/p>\n\n\n\n<p><a href=\"https:\/\/1drv.ms\/b\/s!Amn_AONUBnWvhP5hj3Z39LFyUswW3g\" target=\"_blank\" rel=\"noreferrer noopener\">2013-Circ. 001 ANMAT (Dossier para iniciar Solicitud Autorizac. Est. BE)<\/a><\/p>\n\n\n\n<p><a href=\"https:\/\/1drv.ms\/b\/s!Amn_AONUBnWvhP5flOqIs9FH3jO3vw\" target=\"_blank\" rel=\"noreferrer noopener\">2013-Circ. 004 ANMAT (Prospecto de informaci\u00f3n p el paciente)<\/a><\/p>\n\n\n\n<p><a href=\"https:\/\/1drv.ms\/b\/s!Amn_AONUBnWvhP5cVC_MsL2GvykIDQ\" target=\"_blank\" rel=\"noreferrer noopener\">2013-Circ. 009 ANMAT (Nuevo Nombre de los Deptos)<\/a><\/p>\n\n\n\n<p><a href=\"https:\/\/1drv.ms\/b\/s!Amn_AONUBnWvhP5d2rMFNcM1CgzJmw\" target=\"_blank\" rel=\"noreferrer noopener\">2013-Circ. 020 ANMAT (Farmaco de INAME evaluar\u00e1 Exp x Disp 758-09)<\/a><\/p>\n\n\n\n<p><a href=\"https:\/\/1drv.ms\/b\/s!Amn_AONUBnWvhP5ZS9vCG7W9REQIDQ\" target=\"_blank\" rel=\"noreferrer noopener\">2014-Circ. 003 ANMAT (Para Reinscripci\u00f3n Prospecto-BE-PGR)<\/a><\/p>\n\n\n\n<p><a href=\"https:\/\/1drv.ms\/b\/s!Amn_AONUBnWvhP5nsXgNN2p3m8lfcQ\" target=\"_blank\" rel=\"noreferrer noopener\">2016_Disp. 11247_ANMAT (Prod Ref 4788)<\/a><\/p>\n\n\n\n<p><a href=\"https:\/\/1drv.ms\/b\/s!Amn_AONUBnWvhP5VagF70MX3mujueA\" target=\"_blank\" rel=\"noreferrer noopener\">2016_Disp. 12704_ANMAT (Scaling)<\/a><\/p>\n\n\n\n<p><a href=\"https:\/\/1drv.ms\/b\/s!Amn_AONUBnWvhP5T7P3x_Ygl2TX5Eg\" target=\"_blank\" rel=\"noreferrer noopener\">2016_Memo ANMAT (Cambios Post Reg 4788)<\/a><\/p>\n\n\n\n<p><a href=\"https:\/\/1drv.ms\/b\/s!Amn_AONUBnWvhP5YWJbChj6BLD4x6g\" target=\"_blank\" rel=\"noreferrer noopener\">2016-Circ. 011 ANMAT (BE para Registro y 1er Lote)<\/a><\/p>\n\n\n\n<p><a href=\"https:\/\/1drv.ms\/b\/s!Amn_AONUBnWvhYBOLSvRz17a-qtnMA\">2017_Disp. 1474 SsPRyF (Reglam Comit\u00e9 Nac \u00c9tica en Investig ANEXO)<\/a><\/p>\n\n\n\n<p><a href=\"https:\/\/1drv.ms\/b\/s!Amn_AONUBnWvhP5Wn1QXR0n_QLHbAQ\" target=\"_blank\" rel=\"noreferrer noopener\">2017_Disp. 4008 ANMAT (Estudios de Farmacolog\u00eda Cl\u00ednica)<\/a><\/p>\n\n\n\n<p><a href=\"https:\/\/1drv.ms\/b\/s!Amn_AONUBnWvhYBQnSvNj7hIOthkIg\">2017_Disp. 8255 ANMAT (BE- Ptos Referencia)<\/a><\/p>\n\n\n\n<p><a href=\"https:\/\/1drv.ms\/b\/s!Amn_AONUBnWvhYBR6qrlZ-NuwhCsdQ\">2017_Disp. 8256 ANMAT (BE ext-Antig\u00fcedad)<\/a><\/p>\n\n\n\n<p><a href=\"https:\/\/1drv.ms\/b\/s!Amn_AONUBnWvhYBSad27P5mOoFq-Bg\">2017_Disp. 8259 ANMAT (Levotiroxina Prod ref T4 Montpellier)<\/a><\/p>\n\n\n\n<p><a href=\"https:\/\/1drv.ms\/b\/s!Amn_AONUBnWvhYBThkNnynp4kI-Big\">2017_Disp. 8262 ANMAT (Levotiroxina Prod ref Glaxo)<\/a><\/p>\n\n\n\n<p><a href=\"https:\/\/1drv.ms\/b\/s!Amn_AONUBnWvhYBUmON0VukSl7Okjw\">2017_Disp. 8870 (IFAs q no se absorben)<\/a><\/p>\n\n\n\n<p><a href=\"https:\/\/1drv.ms\/b\/s!Amn_AONUBnWvhYBV9KYF-PHAgUpQXQ\">2017_Disp. 9222 ANMAT (BE 9 drogas)<\/a><\/p>\n\n\n\n<p><a href=\"https:\/\/1drv.ms\/b\/s!Amn_AONUBnWvhbhwlr5rg5qS0hpHCg?e=QcxrOY\" target=\"_blank\" rel=\"noreferrer noopener\">2018_Disp. 2089 MSYDS (evid comerc)<\/a><\/p>\n\n\n\n<p><a href=\"https:\/\/1drv.ms\/b\/s!Amn_AONUBnWvhYBWdqGUKS1khspfJA\">2018_Disp. 8398 ANMAT (IFAs 1ra vez)<\/a><\/p>\n\n\n\n<p><a href=\"https:\/\/1drv.ms\/b\/s!Amn_AONUBnWvhYBXp_HGA8QHDJLaxg\">2019_Circular 1719 ANMAT (IFAs en BE &#8211; Requisitos REM-NFF-NCC)<\/a><\/p>\n\n\n\n<p><a href=\"https:\/\/1drv.ms\/b\/s!Amn_AONUBnWvhYBYnLs7qMXiOWW6Vw\">2019_Circular 1720 ANMAT (BE 1 fabricante y 2 registros)<\/a><\/p>\n\n\n\n<p><a href=\"https:\/\/1drv.ms\/b\/s!Amn_AONUBnWvhbhsyM9WY78kleXRuw?e=fouCFt\" target=\"_blank\" rel=\"noreferrer noopener\">2019_Circular 70772 ANMAT<\/a><\/p>\n\n\n\n<p><a href=\"https:\/\/1drv.ms\/b\/s!Amn_AONUBnWvhbh0ivzqNxIbYwt05Q?e=VWpvPJ\" target=\"_blank\" rel=\"noreferrer noopener\">2019_Circular ANMAT (GEM)<\/a><\/p>\n\n\n\n<p><a href=\"https:\/\/1drv.ms\/b\/s!Amn_AONUBnWvhYBZA5xn1Q2wTQsSFQ\">2019_Disp. 271 ANMAT (Programa BDBE e Intercambiabilidad)<\/a><\/p>\n\n\n\n<p><a href=\"https:\/\/1drv.ms\/b\/s!Amn_AONUBnWvhZ9GGVk1O3WE_K18lQ\" target=\"_blank\" rel=\"noreferrer noopener\">2019_Disp. 3289_ANMAT (Autoriz BE y Rdos) Anexo I<\/a><\/p>\n\n\n\n<p><a href=\"https:\/\/1drv.ms\/b\/s!Amn_AONUBnWvhZ9Fdu-uzROyKXdSSw\" target=\"_blank\" rel=\"noreferrer noopener\">2019_Disp. 3289_ANMAT (Autoriz BE y Rdos) Anexo II<\/a><\/p>\n\n\n\n<p><a href=\"https:\/\/1drv.ms\/b\/s!Amn_AONUBnWvhZ9EZgJlAXfsRDYoMA\" target=\"_blank\" rel=\"noreferrer noopener\">2019_Disp. 3289_ANMAT (Autoriz BE y Rdos, deroga Disp 4010\/17)<\/a><\/p>\n\n\n\n<p><a href=\"https:\/\/1drv.ms\/b\/s!Amn_AONUBnWvhZ9CC1CgfzOO1vVepw\" target=\"_blank\" rel=\"noreferrer noopener\">2019_Disp. 4620_ANMAT (Reg Art 3ro-Deroga 513-19) Anexo 1<\/a><\/p>\n\n\n\n<p><a href=\"https:\/\/1drv.ms\/b\/s!Amn_AONUBnWvhZ9BIpB4cHelfGvQFw\" target=\"_blank\" rel=\"noreferrer noopener\">2019_Disp. 4620_ANMAT (Reg Art 3ro-Deroga 513-19)<\/a><\/p>\n\n\n\n<p><a href=\"https:\/\/1drv.ms\/b\/s!Amn_AONUBnWvhZ9AkEoOO3Fo2Qq76Q\" target=\"_blank\" rel=\"noreferrer noopener\">2019_Disp. 4621_ANMAT (Reg Art 4to) Anexo 1<\/a><\/p>\n\n\n\n<p><a href=\"https:\/\/1drv.ms\/b\/s!Amn_AONUBnWvhZ8_sluoVbcZ8AG6Ww\" target=\"_blank\" rel=\"noreferrer noopener\">2019_Disp. 4621_ANMAT (Reg Art 4to)<\/a><\/p>\n\n\n\n<p><a href=\"https:\/\/1drv.ms\/b\/s!Amn_AONUBnWvhaJvgB9PnnPiJMSilw\" target=\"_blank\" rel=\"noreferrer noopener\">2019_Disp. 5068 ANMAT (Proced. Bioexenciones) Anexo 1<\/a><\/p>\n\n\n\n<p><a href=\"https:\/\/1drv.ms\/b\/s!Amn_AONUBnWvhaJuTbUHq7eU-yu4XQ\" target=\"_blank\" rel=\"noreferrer noopener\">2019_Disp. 5068 ANMAT (Proced. Bioexenciones) Anexo 2<\/a><\/p>\n\n\n\n<p><a href=\"https:\/\/1drv.ms\/b\/s!Amn_AONUBnWvhaJtpLGD0mzFZS5Xfg\" target=\"_blank\" rel=\"noreferrer noopener\">2019_Disp. 5068 ANMAT (Proced. Bioexenciones) Anexo 3<\/a><\/p>\n\n\n\n<p><a href=\"https:\/\/1drv.ms\/b\/s!Amn_AONUBnWvhaJyu8b8i-v81p4IIg\" target=\"_blank\" rel=\"noreferrer noopener\">2019_Disp. 5068 ANMAT (Proced. Bioexenciones) Anexo 4<\/a><\/p>\n\n\n\n<p><a href=\"https:\/\/1drv.ms\/b\/s!Amn_AONUBnWvhaJwqx1RSLY1cfO0SA\" target=\"_blank\" rel=\"noreferrer noopener\">2019_Disp. 5068 ANMAT (Proced. Bioexenciones) Anexo 5<\/a><\/p>\n\n\n\n<p><a href=\"https:\/\/1drv.ms\/b\/s!Amn_AONUBnWvhaJxgDomuuwftnVjPA\" target=\"_blank\" rel=\"noreferrer noopener\">2019_Disp. 5068 ANMAT (Proced. Bioexenciones)<\/a><\/p>\n\n\n\n<p><a href=\"https:\/\/1drv.ms\/b\/s!Amn_AONUBnWvhbhtQaLW0iYbZDyPUA?e=WDiQAg\" target=\"_blank\" rel=\"noreferrer noopener\">2019_Disp. 9707 ANMAT (1er lote)<\/a><\/p>\n\n\n\n<p><a href=\"https:\/\/1drv.ms\/b\/s!Amn_AONUBnWvhbhrcat22nf0gzrj8A\" target=\"_blank\" rel=\"noreferrer noopener\">2019_Disp. 9707 ANMAT (1er lote) Anexo 1<\/a><\/p>\n\n\n\n<p><a href=\"https:\/\/1drv.ms\/b\/s!Amn_AONUBnWvhbhvpfZCQbCV4SmjiA?e=lMXgtl\" target=\"_blank\" rel=\"noreferrer noopener\">2019_Disp. 9708 ANMAT (BE in vitro-deroga la 4788)<\/a><\/p>\n\n\n\n<p><a href=\"https:\/\/1drv.ms\/b\/s!Amn_AONUBnWvhbhuU8nqBQJDg2aKQQ?e=bOTik1\" target=\"_blank\" rel=\"noreferrer noopener\">2019_Disp. 9708 ANMAT (BE in vitro) Anexo 1<\/a><\/p>\n\n\n\n<p><a href=\"https:\/\/1drv.ms\/b\/s!Amn_AONUBnWvhbhxwOffoI_Ykm7g6w?e=4xZdkN\" target=\"_blank\" rel=\"noreferrer noopener\">2019_Disp. 9709 ANMAT (Biol\u00f3g Autoriz Comerc)<\/a><\/p>\n\n\n\n<p><a href=\"https:\/\/1drv.ms\/b\/s!Amn_AONUBnWvhbhyEeORrkdx2Yz5Nw?e=Q8Tyxi\" target=\"_blank\" rel=\"noreferrer noopener\">2019_Disp. 9709 ANMAT (Biol\u00f3g Autoriz Comerc) Anexo 1<\/a><\/p>\n\n\n\n<p><a href=\"https:\/\/1drv.ms\/b\/s!Amn_AONUBnWvhbhzlASJ_3b9KZTciw?e=2Cl9lD\" target=\"_blank\" rel=\"noreferrer noopener\">2019_Disp. 9929 ANMAT (Estudios Fase I-sustituye art 11 de 4008-17)<\/a><\/p>\n\n\n\n<p><a href=\"https:\/\/1drv.ms\/b\/s!Amn_AONUBnWvhbh3ZcFV9trg7daWGA?e=fYm1MY\" target=\"_blank\" rel=\"noreferrer noopener\">2019_Disp. 9944 ANMAT (Centros Cl\u00ednicos BE)<\/a><\/p>\n\n\n\n<p><a href=\"https:\/\/1drv.ms\/b\/s!Amn_AONUBnWvhbh1Yl3PsdxIeHM1sg?e=Gvc7Sb\" target=\"_blank\" rel=\"noreferrer noopener\">2019_Disp. 9944 ANMAT (Centros Cl\u00ednicos BE) Anexo 1<\/a><\/p>\n\n\n\n<p><a href=\"https:\/\/1drv.ms\/b\/s!Amn_AONUBnWvhbh2MSurT9MjJ7auNA?e=SsJpEu\" target=\"_blank\" rel=\"noreferrer noopener\">2019_Disp. 9944 ANMAT (Centros Cl\u00ednicos BE) Anexo 2<\/a><\/p>\n\n\n\n<p><a href=\"https:\/\/1drv.ms\/b\/s!Amn_AONUBnWvhoEpPqWWynGYGhQjpg?e=y6SHpk\">2020 Disp. ANMAT_4540 (Comisi\u00f3n BD-BE)<\/a><\/p>\n\n\n\n<p><a href=\"https:\/\/1drv.ms\/b\/s!Amn_AONUBnWvhoEoSs26qO-jwExAiQ?e=4kLcig\">2020_Disp. ANMAT_4827 (Prod Ref 8398-deroga ibrutinib)<\/a><\/p>\n<\/div>\n<\/div>\n\n\n\n<p><\/p>\n","protected":false},"excerpt":{"rendered":"<p>INTERNACIONAL Alta Variabilidad Canad\u00e1 2015.docx Asociaciones EMA 2015 Asociaciones OMS Anexo 5 2005.pdf BCS I y III Test de Disn y Especif FDA 2015.pdf BCS SUPAC Disn FDA 1997.pdf BCS y Biowaivers Canad\u00e1 2014.pdf BCS y Biowaivers Candidatos ANVISA 2014.pdf BCS y Biowaivers FDA 2000.pdf BCS y Biowaivers FDA-ICH 2021 BCS y Biowaivers WHO Inf 49 2015 BD Generalidades FDA 2019 BE ANVISA Lista 1 [&hellip;]<\/p>\n","protected":false},"author":1,"featured_media":219,"parent":0,"menu_order":0,"comment_status":"closed","ping_status":"closed","template":"","meta":{"footnotes":""},"_links":{"self":[{"href":"https:\/\/centro-eclin.com.ar\/index.php?rest_route=\/wp\/v2\/pages\/122"}],"collection":[{"href":"https:\/\/centro-eclin.com.ar\/index.php?rest_route=\/wp\/v2\/pages"}],"about":[{"href":"https:\/\/centro-eclin.com.ar\/index.php?rest_route=\/wp\/v2\/types\/page"}],"author":[{"embeddable":true,"href":"https:\/\/centro-eclin.com.ar\/index.php?rest_route=\/wp\/v2\/users\/1"}],"replies":[{"embeddable":true,"href":"https:\/\/centro-eclin.com.ar\/index.php?rest_route=%2Fwp%2Fv2%2Fcomments&post=122"}],"version-history":[{"count":109,"href":"https:\/\/centro-eclin.com.ar\/index.php?rest_route=\/wp\/v2\/pages\/122\/revisions"}],"predecessor-version":[{"id":544,"href":"https:\/\/centro-eclin.com.ar\/index.php?rest_route=\/wp\/v2\/pages\/122\/revisions\/544"}],"wp:featuredmedia":[{"embeddable":true,"href":"https:\/\/centro-eclin.com.ar\/index.php?rest_route=\/wp\/v2\/media\/219"}],"wp:attachment":[{"href":"https:\/\/centro-eclin.com.ar\/index.php?rest_route=%2Fwp%2Fv2%2Fmedia&parent=122"}],"curies":[{"name":"wp","href":"https:\/\/api.w.org\/{rel}","templated":true}]}}